{"id":9881,"date":"2022-07-14T16:58:48","date_gmt":"2022-07-14T16:58:48","guid":{"rendered":"https:\/\/www.sifcoasc.com\/presentationer-pa-plats\/"},"modified":"2023-01-31T14:17:46","modified_gmt":"2023-01-31T14:17:46","slug":"presentationer-pa-plats","status":"publish","type":"page","link":"https:\/\/www.sifcoasc.com\/sv\/presentationer-pa-plats","title":{"rendered":"Presentationer p\u00e5 plats"},"content":{"rendered":"<p class=\"emph\">SIFCO ASC \u00e4r v\u00e4rldsledande inom selektiv pl\u00e4teringsteknik och har som m\u00e5l att skapa global medvetenhet om SIFCO Process\u00ae.  <\/p>\n<p>SIFCO ASC:s tekniska personal \u00e4r tillg\u00e4nglig f\u00f6r lunch- och utbildningsevenemang p\u00e5 plats, s\u00e5 ta tillf\u00e4llet i akt att l\u00e4ra ditt tekniska team och ingenj\u00f6rsteam f\u00f6rdelarna med SIFCO Process\u00ae. Lunch- och l\u00e4randeevenemang h\u00e5lls p\u00e5 din plats och \u00e4mnena anpassas f\u00f6r att fokusera p\u00e5 dina specifika komponenter och din bransch.<\/p>\n<p>Diskussionerna omfattar m\u00f6jligheterna med selektiv pl\u00e4tering i till\u00e4mpningar som r\u00f6r:<\/p>\n<ul>\n<li>Korrosionsskydd<\/li>\n<li>Slitstyrka<\/li>\n<li>Sm\u00f6rjf\u00f6rm\u00e5ga<\/li>\n<li>Konduktivitet<\/li>\n<li>H\u00e5rdhet<\/li>\n<li>F\u00f6rb\u00e4ttrad t\u00e4tningskapacitet<\/li>\n<li>Renovering till de ursprungliga specifikationerna f\u00f6r dimensionerna<\/li>\n<\/ul>\n<p>Presentationen kommer att inneh\u00e5lla teknisk information om processen och specifika exempel som r\u00f6r ditt f\u00f6retags till\u00e4mpningar och komponenter. Presentationen kommer att f\u00f6ljas av en fr\u00e5gestund. Den 90-120 minuter l\u00e5nga presentationen omfattar \u00e4ven lunch och broschyrer.<\/p>\n<p><strong>VEM B\u00d6R DELTA?<\/strong><br \/>\n  SIFCO Process\u00ae-utbildningar och lunch- och l\u00e4randeevenemang \u00e4r f\u00f6rdelaktiga f\u00f6r operat\u00f6rer, ingenj\u00f6rer, maskinister, mekaniker, svetsare och \u00f6vervakningspersonal. Alla deltagare kommer att l\u00e4ra sig de tekniska aspekterna av SIFCO Process\u00ae och kommer att l\u00e4mna seminariet med kunskap om en b\u00e4ttre metod f\u00f6r att f\u00f6rb\u00e4ttra eller reparera komponenter.<\/p>\n<h2>F\u00f6r mer information eller f\u00f6r att boka en presentation p\u00e5 plats, kontakta oss idag p\u00e5 info@sifcoasc.com eller 800-765-4131.<\/h2>\n","protected":false},"excerpt":{"rendered":"<p>SIFCO ASC \u00e4r v\u00e4rldsledande inom selektiv pl\u00e4teringsteknik och har som m\u00e5l att skapa global medvetenhet om SIFCO Process\u00ae. SIFCO ASC:s tekniska personal \u00e4r tillg\u00e4nglig f\u00f6r lunch- och utbildningsevenemang p\u00e5 plats, s\u00e5 ta tillf\u00e4llet i akt att l\u00e4ra ditt tekniska team och ingenj\u00f6rsteam f\u00f6rdelarna med SIFCO Process\u00ae. Lunch- och l\u00e4randeevenemang h\u00e5lls p\u00e5 din plats och \u00e4mnena [&hellip;]<\/p>\n","protected":false},"author":18,"featured_media":0,"parent":0,"menu_order":0,"comment_status":"closed","ping_status":"closed","template":"","meta":{"_acf_changed":false,"inline_featured_image":false,"footnotes":""},"class_list":["post-9881","page","type-page","status-publish","hentry"],"acf":[],"yoast_head":"<!-- This site is optimized with the Yoast SEO plugin v27.4 - https:\/\/yoast.com\/product\/yoast-seo-wordpress\/ -->\n<title>Presentationer p\u00e5 plats - SIFCO Applied Surface Concepts<\/title>\n<meta name=\"description\" content=\"SIFCO ASC \u00e4r v\u00e4rldsledande inom selektiv pl\u00e4teringsteknik och har som m\u00e5l att skapa global medvetenhet om SIFCO Process\u00ae. SIFCO ASC:s tekniska personal \u00e4r tillg\u00e4nglig f\u00f6r lunch- och utbildningsevenemang p\u00e5 plats, s\u00e5 ta tillf\u00e4llet i akt att l\u00e4ra ditt tekniska team och ingenj\u00f6rsteam f\u00f6rdelarna med SIFCO Process\u00ae. Lunch- och l\u00e4randeevenemang h\u00e5lls p\u00e5 din plats och \u00e4mnena\" \/>\n<meta name=\"robots\" content=\"index, follow, max-snippet:-1, max-image-preview:large, max-video-preview:-1\" \/>\n<link rel=\"canonical\" href=\"https:\/\/www.sifcoasc.com\/sv\/presentationer-pa-plats\" \/>\n<meta property=\"og:locale\" content=\"sv_SE\" \/>\n<meta property=\"og:type\" content=\"article\" \/>\n<meta property=\"og:title\" content=\"Presentationer p\u00e5 plats - SIFCO Applied Surface Concepts\" \/>\n<meta property=\"og:description\" content=\"SIFCO ASC \u00e4r v\u00e4rldsledande inom selektiv pl\u00e4teringsteknik och har som m\u00e5l att skapa global medvetenhet om SIFCO Process\u00ae. SIFCO ASC:s tekniska personal \u00e4r tillg\u00e4nglig f\u00f6r lunch- och utbildningsevenemang p\u00e5 plats, s\u00e5 ta tillf\u00e4llet i akt att l\u00e4ra ditt tekniska team och ingenj\u00f6rsteam f\u00f6rdelarna med SIFCO Process\u00ae. Lunch- och l\u00e4randeevenemang h\u00e5lls p\u00e5 din plats och \u00e4mnena\" \/>\n<meta property=\"og:url\" content=\"https:\/\/www.sifcoasc.com\/sv\/presentationer-pa-plats\" \/>\n<meta property=\"og:site_name\" content=\"SIFCO Applied Surface Concepts\" \/>\n<meta property=\"article:modified_time\" content=\"2023-01-31T14:17:46+00:00\" \/>\n<meta name=\"twitter:label1\" content=\"Est. reading time\" \/>\n\t<meta name=\"twitter:data1\" content=\"1 minut\" \/>\n<script type=\"application\/ld+json\" class=\"yoast-schema-graph\">{\"@context\":\"https:\\\/\\\/schema.org\",\"@graph\":[{\"@type\":\"WebPage\",\"@id\":\"https:\\\/\\\/www.sifcoasc.com\\\/sv\\\/presentationer-pa-plats\",\"url\":\"https:\\\/\\\/www.sifcoasc.com\\\/sv\\\/presentationer-pa-plats\",\"name\":\"Presentationer p\u00e5 plats - SIFCO Applied Surface Concepts\",\"isPartOf\":{\"@id\":\"https:\\\/\\\/www.sifcoasc.com\\\/sv#website\"},\"datePublished\":\"2022-07-14T16:58:48+00:00\",\"dateModified\":\"2023-01-31T14:17:46+00:00\",\"description\":\"SIFCO ASC \u00e4r v\u00e4rldsledande inom selektiv pl\u00e4teringsteknik och har som m\u00e5l att skapa global medvetenhet om SIFCO Process\u00ae. SIFCO ASC:s tekniska personal \u00e4r tillg\u00e4nglig f\u00f6r lunch- och utbildningsevenemang p\u00e5 plats, s\u00e5 ta tillf\u00e4llet i akt att l\u00e4ra ditt tekniska team och ingenj\u00f6rsteam f\u00f6rdelarna med SIFCO Process\u00ae. Lunch- och l\u00e4randeevenemang h\u00e5lls p\u00e5 din plats och \u00e4mnena\",\"breadcrumb\":{\"@id\":\"https:\\\/\\\/www.sifcoasc.com\\\/sv\\\/presentationer-pa-plats#breadcrumb\"},\"inLanguage\":\"sv-SE\",\"potentialAction\":[{\"@type\":\"ReadAction\",\"target\":[\"https:\\\/\\\/www.sifcoasc.com\\\/sv\\\/presentationer-pa-plats\"]}]},{\"@type\":\"BreadcrumbList\",\"@id\":\"https:\\\/\\\/www.sifcoasc.com\\\/sv\\\/presentationer-pa-plats#breadcrumb\",\"itemListElement\":[{\"@type\":\"ListItem\",\"position\":1,\"name\":\"Home\",\"item\":\"https:\\\/\\\/www.sifcoasc.com\\\/sv\"},{\"@type\":\"ListItem\",\"position\":2,\"name\":\"Presentationer p\u00e5 plats\"}]},{\"@type\":\"WebSite\",\"@id\":\"https:\\\/\\\/www.sifcoasc.com\\\/sv#website\",\"url\":\"https:\\\/\\\/www.sifcoasc.com\\\/sv\",\"name\":\"SIFCO Applied Surface Concepts\",\"description\":\"\",\"potentialAction\":[{\"@type\":\"SearchAction\",\"target\":{\"@type\":\"EntryPoint\",\"urlTemplate\":\"https:\\\/\\\/www.sifcoasc.com\\\/sv?s={search_term_string}\"},\"query-input\":{\"@type\":\"PropertyValueSpecification\",\"valueRequired\":true,\"valueName\":\"search_term_string\"}}],\"inLanguage\":\"sv-SE\"}]}<\/script>\n<!-- \/ Yoast SEO plugin. -->","yoast_head_json":{"title":"Presentationer p\u00e5 plats - SIFCO Applied Surface Concepts","description":"SIFCO ASC \u00e4r v\u00e4rldsledande inom selektiv pl\u00e4teringsteknik och har som m\u00e5l att skapa global medvetenhet om SIFCO Process\u00ae. SIFCO ASC:s tekniska personal \u00e4r tillg\u00e4nglig f\u00f6r lunch- och utbildningsevenemang p\u00e5 plats, s\u00e5 ta tillf\u00e4llet i akt att l\u00e4ra ditt tekniska team och ingenj\u00f6rsteam f\u00f6rdelarna med SIFCO Process\u00ae. Lunch- och l\u00e4randeevenemang h\u00e5lls p\u00e5 din plats och \u00e4mnena","robots":{"index":"index","follow":"follow","max-snippet":"max-snippet:-1","max-image-preview":"max-image-preview:large","max-video-preview":"max-video-preview:-1"},"canonical":"https:\/\/www.sifcoasc.com\/sv\/presentationer-pa-plats","og_locale":"sv_SE","og_type":"article","og_title":"Presentationer p\u00e5 plats - SIFCO Applied Surface Concepts","og_description":"SIFCO ASC \u00e4r v\u00e4rldsledande inom selektiv pl\u00e4teringsteknik och har som m\u00e5l att skapa global medvetenhet om SIFCO Process\u00ae. SIFCO ASC:s tekniska personal \u00e4r tillg\u00e4nglig f\u00f6r lunch- och utbildningsevenemang p\u00e5 plats, s\u00e5 ta tillf\u00e4llet i akt att l\u00e4ra ditt tekniska team och ingenj\u00f6rsteam f\u00f6rdelarna med SIFCO Process\u00ae. Lunch- och l\u00e4randeevenemang h\u00e5lls p\u00e5 din plats och \u00e4mnena","og_url":"https:\/\/www.sifcoasc.com\/sv\/presentationer-pa-plats","og_site_name":"SIFCO Applied Surface Concepts","article_modified_time":"2023-01-31T14:17:46+00:00","twitter_misc":{"Est. reading time":"1 minut"},"schema":{"@context":"https:\/\/schema.org","@graph":[{"@type":"WebPage","@id":"https:\/\/www.sifcoasc.com\/sv\/presentationer-pa-plats","url":"https:\/\/www.sifcoasc.com\/sv\/presentationer-pa-plats","name":"Presentationer p\u00e5 plats - SIFCO Applied Surface Concepts","isPartOf":{"@id":"https:\/\/www.sifcoasc.com\/sv#website"},"datePublished":"2022-07-14T16:58:48+00:00","dateModified":"2023-01-31T14:17:46+00:00","description":"SIFCO ASC \u00e4r v\u00e4rldsledande inom selektiv pl\u00e4teringsteknik och har som m\u00e5l att skapa global medvetenhet om SIFCO Process\u00ae. SIFCO ASC:s tekniska personal \u00e4r tillg\u00e4nglig f\u00f6r lunch- och utbildningsevenemang p\u00e5 plats, s\u00e5 ta tillf\u00e4llet i akt att l\u00e4ra ditt tekniska team och ingenj\u00f6rsteam f\u00f6rdelarna med SIFCO Process\u00ae. Lunch- och l\u00e4randeevenemang h\u00e5lls p\u00e5 din plats och \u00e4mnena","breadcrumb":{"@id":"https:\/\/www.sifcoasc.com\/sv\/presentationer-pa-plats#breadcrumb"},"inLanguage":"sv-SE","potentialAction":[{"@type":"ReadAction","target":["https:\/\/www.sifcoasc.com\/sv\/presentationer-pa-plats"]}]},{"@type":"BreadcrumbList","@id":"https:\/\/www.sifcoasc.com\/sv\/presentationer-pa-plats#breadcrumb","itemListElement":[{"@type":"ListItem","position":1,"name":"Home","item":"https:\/\/www.sifcoasc.com\/sv"},{"@type":"ListItem","position":2,"name":"Presentationer p\u00e5 plats"}]},{"@type":"WebSite","@id":"https:\/\/www.sifcoasc.com\/sv#website","url":"https:\/\/www.sifcoasc.com\/sv","name":"SIFCO Applied Surface Concepts","description":"","potentialAction":[{"@type":"SearchAction","target":{"@type":"EntryPoint","urlTemplate":"https:\/\/www.sifcoasc.com\/sv?s={search_term_string}"},"query-input":{"@type":"PropertyValueSpecification","valueRequired":true,"valueName":"search_term_string"}}],"inLanguage":"sv-SE"}]}},"featured_image_src":null,"featured_image_src_square":null,"_links":{"self":[{"href":"https:\/\/www.sifcoasc.com\/sv\/wp-json\/wp\/v2\/pages\/9881","targetHints":{"allow":["GET"]}}],"collection":[{"href":"https:\/\/www.sifcoasc.com\/sv\/wp-json\/wp\/v2\/pages"}],"about":[{"href":"https:\/\/www.sifcoasc.com\/sv\/wp-json\/wp\/v2\/types\/page"}],"author":[{"embeddable":true,"href":"https:\/\/www.sifcoasc.com\/sv\/wp-json\/wp\/v2\/users\/18"}],"replies":[{"embeddable":true,"href":"https:\/\/www.sifcoasc.com\/sv\/wp-json\/wp\/v2\/comments?post=9881"}],"version-history":[{"count":0,"href":"https:\/\/www.sifcoasc.com\/sv\/wp-json\/wp\/v2\/pages\/9881\/revisions"}],"wp:attachment":[{"href":"https:\/\/www.sifcoasc.com\/sv\/wp-json\/wp\/v2\/media?parent=9881"}],"curies":[{"name":"wp","href":"https:\/\/api.w.org\/{rel}","templated":true}]}}