{"id":9886,"date":"2022-07-14T16:58:50","date_gmt":"2022-07-14T16:58:50","guid":{"rendered":"https:\/\/www.sifcoasc.com\/begar-en-offert\/"},"modified":"2023-01-31T08:55:40","modified_gmt":"2023-01-31T08:55:40","slug":"begar-en-offert","status":"publish","type":"page","link":"https:\/\/www.sifcoasc.com\/sv\/begar-en-offert","title":{"rendered":"Beg\u00e4r en offert"},"content":{"rendered":"<h2>Personliga uppgifter<\/h2>\n<script type=\"text\/javascript\">\n\/* <![CDATA[ *\/\nvar gform;gform||(document.addEventListener(\"gform_main_scripts_loaded\",function(){gform.scriptsLoaded=!0}),document.addEventListener(\"gform\/theme\/scripts_loaded\",function(){gform.themeScriptsLoaded=!0}),window.addEventListener(\"DOMContentLoaded\",function(){gform.domLoaded=!0}),gform={domLoaded:!1,scriptsLoaded:!1,themeScriptsLoaded:!1,isFormEditor:()=>\"function\"==typeof InitializeEditor,callIfLoaded:function(o){return!(!gform.domLoaded||!gform.scriptsLoaded||!gform.themeScriptsLoaded&&!gform.isFormEditor()||(gform.isFormEditor()&&console.warn(\"The use of gform.initializeOnLoaded() is deprecated in the form editor context and will be removed in Gravity Forms 3.1.\"),o(),0))},initializeOnLoaded:function(o){gform.callIfLoaded(o)||(document.addEventListener(\"gform_main_scripts_loaded\",()=>{gform.scriptsLoaded=!0,gform.callIfLoaded(o)}),document.addEventListener(\"gform\/theme\/scripts_loaded\",()=>{gform.themeScriptsLoaded=!0,gform.callIfLoaded(o)}),window.addEventListener(\"DOMContentLoaded\",()=>{gform.domLoaded=!0,gform.callIfLoaded(o)}))},hooks:{action:{},filter:{}},addAction:function(o,r,e,t){gform.addHook(\"action\",o,r,e,t)},addFilter:function(o,r,e,t){gform.addHook(\"filter\",o,r,e,t)},doAction:function(o){gform.doHook(\"action\",o,arguments)},applyFilters:function(o){return gform.doHook(\"filter\",o,arguments)},removeAction:function(o,r){gform.removeHook(\"action\",o,r)},removeFilter:function(o,r,e){gform.removeHook(\"filter\",o,r,e)},addHook:function(o,r,e,t,n){null==gform.hooks[o][r]&&(gform.hooks[o][r]=[]);var d=gform.hooks[o][r];null==n&&(n=r+\"_\"+d.length),gform.hooks[o][r].push({tag:n,callable:e,priority:t=null==t?10:t})},doHook:function(r,o,e){var t;if(e=Array.prototype.slice.call(e,1),null!=gform.hooks[r][o]&&((o=gform.hooks[r][o]).sort(function(o,r){return o.priority-r.priority}),o.forEach(function(o){\"function\"!=typeof(t=o.callable)&&(t=window[t]),\"action\"==r?t.apply(null,e):e[0]=t.apply(null,e)})),\"filter\"==r)return e[0]},removeHook:function(o,r,t,n){var e;null!=gform.hooks[o][r]&&(e=(e=gform.hooks[o][r]).filter(function(o,r,e){return!!(null!=n&&n!=o.tag||null!=t&&t!=o.priority)}),gform.hooks[o][r]=e)}});\n\/* ]]> *\/\n<\/script>\n\n                <div class='gf_browser_gecko gform_wrapper gform_legacy_markup_wrapper gform-theme--no-framework' data-form-theme='legacy' data-form-index='0' id='gform_wrapper_45' >\n                        <div class='gform_heading'>\n                            <h3 class=\"gform_title\">Request for Quote -swd<\/h3>\n                        <\/div><form method='post' enctype='multipart\/form-data'  id='gform_45'  action='\/sv\/wp-json\/wp\/v2\/pages\/9886' data-formid='45' novalidate>\n                        <div class='gform-body gform_body'><ul id='gform_fields_45' class='gform_fields top_label form_sublabel_below description_below validation_below'><li id=\"field_45_8\" class=\"gfield gfield--type-text gf_left_half gfield_contains_required field_sublabel_below gfield--no-description field_description_below field_validation_below gfield_visibility_visible\"  ><label class='gfield_label gform-field-label' for='input_45_8'>Fullst\u00e4ndiga namn:<span class=\"gfield_required\"><span class=\"gfield_required gfield_required_asterisk\">*<\/span><\/span><\/label><div class='ginput_container ginput_container_text'><input name='input_8' id='input_45_8' type='text' value='' class='large'     aria-required=\"true\" aria-invalid=\"false\"   \/><\/div><\/li><li id=\"field_45_4\" class=\"gfield gfield--type-text gf_right_half gfield_contains_required field_sublabel_below gfield--no-description field_description_below field_validation_below gfield_visibility_visible\"  ><label class='gfield_label gform-field-label' for='input_45_4'>F\u00f6retagsnamn:<span class=\"gfield_required\"><span class=\"gfield_required gfield_required_asterisk\">*<\/span><\/span><\/label><div class='ginput_container ginput_container_text'><input name='input_4' id='input_45_4' type='text' value='' class='large'     aria-required=\"true\" aria-invalid=\"false\"   \/><\/div><\/li><li id=\"field_45_2\" class=\"gfield gfield--type-email gf_left_half gfield_contains_required field_sublabel_below gfield--no-description field_description_below field_validation_below gfield_visibility_visible\"  ><label class='gfield_label gform-field-label' for='input_45_2'>E-postadress:<span class=\"gfield_required\"><span class=\"gfield_required gfield_required_asterisk\">*<\/span><\/span><\/label><div class='ginput_container ginput_container_email'>\n                            <input name='input_2' id='input_45_2' type='email' value='' class='large'    aria-required=\"true\" aria-invalid=\"false\"  \/>\n                        <\/div><\/li><li id=\"field_45_7\" class=\"gfield gfield--type-phone gf_right_half gfield_contains_required field_sublabel_below gfield--no-description field_description_below field_validation_below gfield_visibility_visible\"  ><label class='gfield_label gform-field-label' for='input_45_7'>Telefonnummer:<span class=\"gfield_required\"><span class=\"gfield_required gfield_required_asterisk\">*<\/span><\/span><\/label><div class='ginput_container ginput_container_phone'><input name='input_7' id='input_45_7' type='tel' value='' class='large'   aria-required=\"true\" aria-invalid=\"false\"   \/><\/div><\/li><li id=\"field_45_3\" class=\"gfield gfield--type-text gfield_contains_required field_sublabel_below gfield--no-description field_description_below field_validation_below gfield_visibility_visible\"  ><label class='gfield_label gform-field-label' for='input_45_3'>F\u00f6retags Adress:<span class=\"gfield_required\"><span class=\"gfield_required gfield_required_asterisk\">*<\/span><\/span><\/label><div class='ginput_container ginput_container_text'><input name='input_3' id='input_45_3' type='text' value='' class='large'     aria-required=\"true\" aria-invalid=\"false\"   \/><\/div><\/li><li id=\"field_45_10\" class=\"gfield gfield--type-checkbox gfield--type-choice gfield_contains_required field_sublabel_below gfield--has-description field_description_below field_validation_below gfield_visibility_visible\"  ><label class='gfield_label gform-field-label gfield_label_before_complex' >Vad \u00e4r du intresserad av?<span class=\"gfield_required\"><span class=\"gfield_required gfield_required_asterisk\">*<\/span><\/span><\/label><div class='ginput_container ginput_container_checkbox'><ul class='gfield_checkbox' id='input_45_10'><li class='gchoice gchoice_45_10_1'>\n\t\t\t\t\t\t\t\t<input class='gfield-choice-input' name='input_10.1' type='checkbox'  value='Pl\u00e4teringsl\u00f6sningar'  id='choice_45_10_1'   aria-describedby=\"gfield_description_45_10\"\/>\n\t\t\t\t\t\t\t\t<label for='choice_45_10_1' id='label_45_10_1' class='gform-field-label gform-field-label--type-inline'>Pl\u00e4teringsl\u00f6sningar<\/label>\n\t\t\t\t\t\t\t<\/li><li class='gchoice gchoice_45_10_2'>\n\t\t\t\t\t\t\t\t<input class='gfield-choice-input' name='input_10.2' type='checkbox'  value='Pl\u00e4teringsutrustning'  id='choice_45_10_2'   \/>\n\t\t\t\t\t\t\t\t<label for='choice_45_10_2' id='label_45_10_2' class='gform-field-label gform-field-label--type-inline'>Pl\u00e4teringsutrustning<\/label>\n\t\t\t\t\t\t\t<\/li><li class='gchoice gchoice_45_10_3'>\n\t\t\t\t\t\t\t\t<input class='gfield-choice-input' name='input_10.3' type='checkbox'  value='B\u00e4rbara pl\u00e4teringssatser'  id='choice_45_10_3'   \/>\n\t\t\t\t\t\t\t\t<label for='choice_45_10_3' id='label_45_10_3' class='gform-field-label gform-field-label--type-inline'>B\u00e4rbara pl\u00e4teringssatser<\/label>\n\t\t\t\t\t\t\t<\/li><li class='gchoice gchoice_45_10_4'>\n\t\t\t\t\t\t\t\t<input class='gfield-choice-input' name='input_10.4' type='checkbox'  value='Power Packs'  id='choice_45_10_4'   \/>\n\t\t\t\t\t\t\t\t<label for='choice_45_10_4' id='label_45_10_4' class='gform-field-label gform-field-label--type-inline'>Power Packs<\/label>\n\t\t\t\t\t\t\t<\/li><li class='gchoice gchoice_45_10_5'>\n\t\t\t\t\t\t\t\t<input class='gfield-choice-input' name='input_10.5' type='checkbox'  value='Arbetsstation'  id='choice_45_10_5'   \/>\n\t\t\t\t\t\t\t\t<label for='choice_45_10_5' id='label_45_10_5' class='gform-field-label gform-field-label--type-inline'>Arbetsstation<\/label>\n\t\t\t\t\t\t\t<\/li><li class='gchoice gchoice_45_10_6'>\n\t\t\t\t\t\t\t\t<input class='gfield-choice-input' name='input_10.6' type='checkbox'  value='Servicearbete p\u00e5 plats'  id='choice_45_10_6'   \/>\n\t\t\t\t\t\t\t\t<label for='choice_45_10_6' id='label_45_10_6' class='gform-field-label gform-field-label--type-inline'>Servicearbete p\u00e5 plats<\/label>\n\t\t\t\t\t\t\t<\/li><li class='gchoice gchoice_45_10_7'>\n\t\t\t\t\t\t\t\t<input class='gfield-choice-input' name='input_10.7' type='checkbox'  value='Tr\u00e4ning'  id='choice_45_10_7'   \/>\n\t\t\t\t\t\t\t\t<label for='choice_45_10_7' id='label_45_10_7' class='gform-field-label gform-field-label--type-inline'>Tr\u00e4ning<\/label>\n\t\t\t\t\t\t\t<\/li><li class='gchoice gchoice_45_10_8'>\n\t\t\t\t\t\t\t\t<input class='gfield-choice-input' name='input_10.8' type='checkbox'  value='Diskutera en industriell till\u00e4mpning'  id='choice_45_10_8'   \/>\n\t\t\t\t\t\t\t\t<label for='choice_45_10_8' id='label_45_10_8' class='gform-field-label gform-field-label--type-inline'>Diskutera en industriell till\u00e4mpning<\/label>\n\t\t\t\t\t\t\t<\/li><\/ul><\/div><div class='gfield_description' id='gfield_description_45_10'>V\u00e4lj minst ett alternativ ovan<\/div><\/li><li id=\"field_45_5\" class=\"gfield gfield--type-textarea gfield_contains_required field_sublabel_below gfield--no-description field_description_below field_validation_below gfield_visibility_visible\"  ><label class='gfield_label gform-field-label' for='input_45_5'>Ditt meddelande<span class=\"gfield_required\"><span class=\"gfield_required gfield_required_asterisk\">*<\/span><\/span><\/label><div class='ginput_container ginput_container_textarea'><textarea name='input_5' id='input_45_5' class='textarea large'     aria-required=\"true\" aria-invalid=\"false\"   rows='10' cols='50'><\/textarea><\/div><\/li><li id=\"field_45_11\" class=\"gfield gfield--type-checkbox gfield--type-choice field_sublabel_below gfield--no-description field_description_below field_validation_below gfield_visibility_visible\"  ><label class='gfield_label gform-field-label gfield_label_before_complex' >Integritetspolicy<\/label><div class='ginput_container ginput_container_checkbox'><ul class='gfield_checkbox' id='input_45_11'><li class='gchoice gchoice_45_11_1'>\n\t\t\t\t\t\t\t\t<input class='gfield-choice-input' name='input_11.1' type='checkbox'  value='SIFCO ASC kan vilja kontakta dig ang\u00e5ende produkter, tj\u00e4nster, erbjudanden, teknisk utveckling eller dina \u00e5sikter. Om du inte vill bli kontaktad, v\u00e4nligen kryssa i rutan ovan. Du kan n\u00e4r som helst meddela SIFCO ASC skriftligt att du inte l\u00e4ngre vill ta emot direkt marknadsf\u00f6ringskommunikation.'  id='choice_45_11_1'   \/>\n\t\t\t\t\t\t\t\t<label for='choice_45_11_1' id='label_45_11_1' class='gform-field-label gform-field-label--type-inline'>SIFCO ASC kan vilja kontakta dig ang\u00e5ende produkter, tj\u00e4nster, erbjudanden, teknisk utveckling eller dina \u00e5sikter. Om du inte vill bli kontaktad, v\u00e4nligen kryssa i rutan ovan. Du kan n\u00e4r som helst meddela SIFCO ASC skriftligt att du inte l\u00e4ngre vill ta emot direkt marknadsf\u00f6ringskommunikation.<\/label>\n\t\t\t\t\t\t\t<\/li><\/ul><\/div><\/li><\/ul><\/div>\n        <div class='gform-footer gform_footer top_label'> <input type='submit' id='gform_submit_button_45' class='gform_button button' onclick='gform.submission.handleButtonClick(this);' data-submission-type='submit' value='Skicka in'  \/> \n            <input type='hidden' class='gform_hidden' name='gform_submission_method' data-js='gform_submission_method_45' value='postback' \/>\n            <input type='hidden' class='gform_hidden' name='gform_theme' data-js='gform_theme_45' id='gform_theme_45' value='legacy' \/>\n            <input type='hidden' class='gform_hidden' name='gform_style_settings' data-js='gform_style_settings_45' id='gform_style_settings_45' value='[]' \/>\n            <input type='hidden' class='gform_hidden' name='is_submit_45' value='1' \/>\n            <input type='hidden' class='gform_hidden' name='gform_submit' value='45' \/>\n            \n            <input type='hidden' class='gform_hidden' name='gform_currency' data-currency='USD' value='zprkUSfMSO3gnRb5wE7jF8yjbpLL2m1F2SuKoKoQzzcxq718VwsAuWD2myaM7JoPiLBassrd6vYsQHjc9OCPsbVQoiKlQBpHxQ3iQqUDShouMvE=' \/>\n            <input type='hidden' class='gform_hidden' name='gform_unique_id' value='' \/>\n            <input type='hidden' class='gform_hidden' name='state_45' value='WyJbXSIsImQxMDU1MWUyOGU1ZTQ2ZDJhNDlhNWMzNTQ1MmI1YzQxIl0=' \/>\n            <input type='hidden' autocomplete='off' class='gform_hidden' name='gform_target_page_number_45' id='gform_target_page_number_45' value='0' \/>\n            <input type='hidden' autocomplete='off' class='gform_hidden' name='gform_source_page_number_45' id='gform_source_page_number_45' value='1' \/>\n            <input type='hidden' name='gform_field_values' value='' \/>\n            \n        <\/div>\n                        <input type=\"hidden\" id=\"ct_checkjs_9fe8593a8a330607d76796b35c64c600\" name=\"ct_checkjs\" value=\"0\" \/><script >setTimeout(function(){var ct_input_name = \"ct_checkjs_9fe8593a8a330607d76796b35c64c600\";if (document.getElementById(ct_input_name) !== null) {var ct_input_value = document.getElementById(ct_input_name).value;document.getElementById(ct_input_name).value = document.getElementById(ct_input_name).value.replace(ct_input_value, 'c8498e28f559b8da2c32f3a99cba62af5901009f5edc3429c51971a226a0f89c');}}, 1000);<\/script><input\n                    class=\"apbct_special_field apbct_email_id__gravity_form\"\n                    name=\"apbct__email_id__gravity_form\"\n                    aria-label=\"apbct__label_id__gravity_form\"\n                    type=\"text\" size=\"30\" maxlength=\"200\" autocomplete=\"off\"\n                    value=\"\"\n                \/><\/form>\n                        <\/div><script type=\"text\/javascript\">\n\/* <![CDATA[ *\/\n gform.initializeOnLoaded( function() {gformInitSpinner( 45, 'https:\/\/www.sifcoasc.com\/wp-content\/plugins\/gravityforms\/images\/spinner.svg', true );jQuery('#gform_ajax_frame_45').on('load',function(){var contents = jQuery(this).contents().find('*').html();var is_postback = contents.indexOf('GF_AJAX_POSTBACK') >= 0;if(!is_postback){return;}var form_content = jQuery(this).contents().find('#gform_wrapper_45');var is_confirmation = jQuery(this).contents().find('#gform_confirmation_wrapper_45').length > 0;var is_redirect = contents.indexOf('gformRedirect(){') >= 0;var is_form = form_content.length > 0 && ! is_redirect && ! is_confirmation;var mt = parseInt(jQuery('html').css('margin-top'), 10) + parseInt(jQuery('body').css('margin-top'), 10) + 100;if(is_form){jQuery('#gform_wrapper_45').html(form_content.html());if(form_content.hasClass('gform_validation_error')){jQuery('#gform_wrapper_45').addClass('gform_validation_error');} else {jQuery('#gform_wrapper_45').removeClass('gform_validation_error');}setTimeout( function() { \/* delay the scroll by 50 milliseconds to fix a bug in chrome *\/  }, 50 );if(window['gformInitDatepicker']) {gformInitDatepicker();}if(window['gformInitPriceFields']) {gformInitPriceFields();}var current_page = jQuery('#gform_source_page_number_45').val();gformInitSpinner( 45, 'https:\/\/www.sifcoasc.com\/wp-content\/plugins\/gravityforms\/images\/spinner.svg', true );jQuery(document).trigger('gform_page_loaded', [45, current_page]);window['gf_submitting_45'] = false;}else if(!is_redirect){var confirmation_content = jQuery(this).contents().find('.GF_AJAX_POSTBACK').html();if(!confirmation_content){confirmation_content = contents;}jQuery('#gform_wrapper_45').replaceWith(confirmation_content);jQuery(document).trigger('gform_confirmation_loaded', [45]);window['gf_submitting_45'] = false;wp.a11y.speak(jQuery('#gform_confirmation_message_45').text());}else{jQuery('#gform_45').append(contents);if(window['gformRedirect']) {gformRedirect();}}jQuery(document).trigger(\"gform_pre_post_render\", [{ formId: \"45\", currentPage: \"current_page\", abort: function() { this.preventDefault(); } }]);        if (event && event.defaultPrevented) {                return;        }        const gformWrapperDiv = document.getElementById( \"gform_wrapper_45\" );        if ( gformWrapperDiv ) {            const visibilitySpan = document.createElement( \"span\" );            visibilitySpan.id = \"gform_visibility_test_45\";            gformWrapperDiv.insertAdjacentElement( \"afterend\", visibilitySpan );        }        const visibilityTestDiv = document.getElementById( \"gform_visibility_test_45\" );        let postRenderFired = false;        function triggerPostRender() {            if ( postRenderFired ) {                return;            }            postRenderFired = true;            gform.core.triggerPostRenderEvents( 45, current_page );            if ( visibilityTestDiv ) {                visibilityTestDiv.parentNode.removeChild( visibilityTestDiv );            }        }        function debounce( func, wait, immediate ) {            var timeout;            return function() {                var context = this, args = arguments;                var later = function() {                    timeout = null;                    if ( !immediate ) func.apply( context, args );                };                var callNow = immediate && !timeout;                clearTimeout( timeout );                timeout = setTimeout( later, wait );                if ( callNow ) func.apply( context, args );            };        }        const debouncedTriggerPostRender = debounce( function() {            triggerPostRender();        }, 200 );        if ( visibilityTestDiv && visibilityTestDiv.offsetParent === null ) {            const observer = new MutationObserver( ( mutations ) => {                mutations.forEach( ( mutation ) => {                    if ( mutation.type === 'attributes' && visibilityTestDiv.offsetParent !== null ) {                        debouncedTriggerPostRender();                        observer.disconnect();                    }                });            });            observer.observe( document.body, {                attributes: true,                childList: false,                subtree: true,                attributeFilter: [ 'style', 'class' ],            });        } else {            triggerPostRender();        }    } );} ); \n\/* ]]> *\/\n<\/script>\n\n","protected":false},"excerpt":{"rendered":"<p>Personliga uppgifter<\/p>\n","protected":false},"author":18,"featured_media":0,"parent":0,"menu_order":0,"comment_status":"closed","ping_status":"closed","template":"","meta":{"_acf_changed":false,"inline_featured_image":false,"footnotes":""},"class_list":["post-9886","page","type-page","status-publish","hentry"],"acf":[],"yoast_head":"<!-- This site is optimized with the Yoast SEO plugin v27.3 - https:\/\/yoast.com\/product\/yoast-seo-wordpress\/ -->\n<title>Beg\u00e4r en offert - SIFCO Applied Surface Concepts<\/title>\n<meta name=\"description\" content=\"Personliga uppgifter.\" \/>\n<meta name=\"robots\" content=\"index, follow, max-snippet:-1, max-image-preview:large, max-video-preview:-1\" \/>\n<link rel=\"canonical\" href=\"https:\/\/www.sifcoasc.com\/sv\/begar-en-offert\" \/>\n<meta property=\"og:locale\" content=\"sv_SE\" \/>\n<meta property=\"og:type\" content=\"article\" \/>\n<meta property=\"og:title\" content=\"Beg\u00e4r en offert - SIFCO Applied Surface Concepts\" \/>\n<meta property=\"og:description\" content=\"Personliga uppgifter.\" \/>\n<meta property=\"og:url\" content=\"https:\/\/www.sifcoasc.com\/sv\/begar-en-offert\" \/>\n<meta property=\"og:site_name\" content=\"SIFCO Applied Surface Concepts\" \/>\n<meta property=\"article:modified_time\" content=\"2023-01-31T08:55:40+00:00\" \/>\n<script type=\"application\/ld+json\" class=\"yoast-schema-graph\">{\"@context\":\"https:\\\/\\\/schema.org\",\"@graph\":[{\"@type\":\"WebPage\",\"@id\":\"https:\\\/\\\/www.sifcoasc.com\\\/sv\\\/begar-en-offert\",\"url\":\"https:\\\/\\\/www.sifcoasc.com\\\/sv\\\/begar-en-offert\",\"name\":\"Beg\u00e4r en offert - SIFCO Applied Surface Concepts\",\"isPartOf\":{\"@id\":\"https:\\\/\\\/www.sifcoasc.com\\\/sv#website\"},\"datePublished\":\"2022-07-14T16:58:50+00:00\",\"dateModified\":\"2023-01-31T08:55:40+00:00\",\"description\":\"Personliga uppgifter.\",\"breadcrumb\":{\"@id\":\"https:\\\/\\\/www.sifcoasc.com\\\/sv\\\/begar-en-offert#breadcrumb\"},\"inLanguage\":\"sv-SE\",\"potentialAction\":[{\"@type\":\"ReadAction\",\"target\":[\"https:\\\/\\\/www.sifcoasc.com\\\/sv\\\/begar-en-offert\"]}]},{\"@type\":\"BreadcrumbList\",\"@id\":\"https:\\\/\\\/www.sifcoasc.com\\\/sv\\\/begar-en-offert#breadcrumb\",\"itemListElement\":[{\"@type\":\"ListItem\",\"position\":1,\"name\":\"Home\",\"item\":\"https:\\\/\\\/www.sifcoasc.com\\\/sv\"},{\"@type\":\"ListItem\",\"position\":2,\"name\":\"Beg\u00e4r en offert\"}]},{\"@type\":\"WebSite\",\"@id\":\"https:\\\/\\\/www.sifcoasc.com\\\/sv#website\",\"url\":\"https:\\\/\\\/www.sifcoasc.com\\\/sv\",\"name\":\"SIFCO Applied Surface Concepts\",\"description\":\"\",\"potentialAction\":[{\"@type\":\"SearchAction\",\"target\":{\"@type\":\"EntryPoint\",\"urlTemplate\":\"https:\\\/\\\/www.sifcoasc.com\\\/sv?s={search_term_string}\"},\"query-input\":{\"@type\":\"PropertyValueSpecification\",\"valueRequired\":true,\"valueName\":\"search_term_string\"}}],\"inLanguage\":\"sv-SE\"}]}<\/script>\n<!-- \/ Yoast SEO plugin. -->","yoast_head_json":{"title":"Beg\u00e4r en offert - SIFCO Applied Surface Concepts","description":"Personliga uppgifter.","robots":{"index":"index","follow":"follow","max-snippet":"max-snippet:-1","max-image-preview":"max-image-preview:large","max-video-preview":"max-video-preview:-1"},"canonical":"https:\/\/www.sifcoasc.com\/sv\/begar-en-offert","og_locale":"sv_SE","og_type":"article","og_title":"Beg\u00e4r en offert - SIFCO Applied Surface Concepts","og_description":"Personliga uppgifter.","og_url":"https:\/\/www.sifcoasc.com\/sv\/begar-en-offert","og_site_name":"SIFCO Applied Surface Concepts","article_modified_time":"2023-01-31T08:55:40+00:00","schema":{"@context":"https:\/\/schema.org","@graph":[{"@type":"WebPage","@id":"https:\/\/www.sifcoasc.com\/sv\/begar-en-offert","url":"https:\/\/www.sifcoasc.com\/sv\/begar-en-offert","name":"Beg\u00e4r en offert - SIFCO Applied Surface Concepts","isPartOf":{"@id":"https:\/\/www.sifcoasc.com\/sv#website"},"datePublished":"2022-07-14T16:58:50+00:00","dateModified":"2023-01-31T08:55:40+00:00","description":"Personliga uppgifter.","breadcrumb":{"@id":"https:\/\/www.sifcoasc.com\/sv\/begar-en-offert#breadcrumb"},"inLanguage":"sv-SE","potentialAction":[{"@type":"ReadAction","target":["https:\/\/www.sifcoasc.com\/sv\/begar-en-offert"]}]},{"@type":"BreadcrumbList","@id":"https:\/\/www.sifcoasc.com\/sv\/begar-en-offert#breadcrumb","itemListElement":[{"@type":"ListItem","position":1,"name":"Home","item":"https:\/\/www.sifcoasc.com\/sv"},{"@type":"ListItem","position":2,"name":"Beg\u00e4r en offert"}]},{"@type":"WebSite","@id":"https:\/\/www.sifcoasc.com\/sv#website","url":"https:\/\/www.sifcoasc.com\/sv","name":"SIFCO Applied Surface Concepts","description":"","potentialAction":[{"@type":"SearchAction","target":{"@type":"EntryPoint","urlTemplate":"https:\/\/www.sifcoasc.com\/sv?s={search_term_string}"},"query-input":{"@type":"PropertyValueSpecification","valueRequired":true,"valueName":"search_term_string"}}],"inLanguage":"sv-SE"}]}},"featured_image_src":null,"featured_image_src_square":null,"_links":{"self":[{"href":"https:\/\/www.sifcoasc.com\/sv\/wp-json\/wp\/v2\/pages\/9886","targetHints":{"allow":["GET"]}}],"collection":[{"href":"https:\/\/www.sifcoasc.com\/sv\/wp-json\/wp\/v2\/pages"}],"about":[{"href":"https:\/\/www.sifcoasc.com\/sv\/wp-json\/wp\/v2\/types\/page"}],"author":[{"embeddable":true,"href":"https:\/\/www.sifcoasc.com\/sv\/wp-json\/wp\/v2\/users\/18"}],"replies":[{"embeddable":true,"href":"https:\/\/www.sifcoasc.com\/sv\/wp-json\/wp\/v2\/comments?post=9886"}],"version-history":[{"count":0,"href":"https:\/\/www.sifcoasc.com\/sv\/wp-json\/wp\/v2\/pages\/9886\/revisions"}],"wp:attachment":[{"href":"https:\/\/www.sifcoasc.com\/sv\/wp-json\/wp\/v2\/media?parent=9886"}],"curies":[{"name":"wp","href":"https:\/\/api.w.org\/{rel}","templated":true}]}}