{"id":9994,"date":"2022-07-14T17:00:44","date_gmt":"2022-07-14T17:00:44","guid":{"rendered":"https:\/\/www.sifcoasc.com\/vad-ar-selektiv-platering\/avancerad-losning-kontrollsystem\/"},"modified":"2022-08-23T12:14:13","modified_gmt":"2022-08-23T12:14:13","slug":"avancerad-losning-kontrollsystem","status":"publish","type":"page","link":"https:\/\/www.sifcoasc.com\/sv\/vad-ar-selektiv-platering\/avancerad-losning-kontrollsystem","title":{"rendered":"Avancerad l\u00f6sning Kontrollsystem"},"content":{"rendered":"<h2>Uppt\u00e4ck SIFCO ASC Advanced Solution Control System, ett b\u00e4rbart allt-i-ett-pl\u00e4teringssystem med droppfri teknik.<\/h2>\n<p>&nbsp;<\/p>\n<div style=\"width: 400px;\" class=\"wp-video\"><video class=\"alignleft wp-video-\" id=\"video-9994-1\" width=\"400\" height=\"200\" loop autoplay preload=\"metadata\" controls=\"controls\"><source type=\"video\/mp4\" src=\"https:\/\/www.sifcoasc.com\/wp-content\/uploads\/ASCS-Webpage-Video2-MP4.mp4?_=1\" \/><a href=\"https:\/\/www.sifcoasc.com\/wp-content\/uploads\/ASCS-Webpage-Video2-MP4.mp4\">https:\/\/www.sifcoasc.com\/wp-content\/uploads\/ASCS-Webpage-Video2-MP4.mp4<\/a><\/video><\/div>\n<p>P\u00e5 SIFCO ASC str\u00e4var vi st\u00e4ndigt efter att f\u00f6rb\u00e4ttra pl\u00e4teringsprocessen.<\/p>\n<p>Det \u00e4r fortfarande v\u00e5rt uppdrag att tillhandah\u00e5lla s\u00e4krare och renare arbetsmilj\u00f6er n\u00e4r man anv\u00e4nder SIFCO Process\u00ae f\u00f6r selektiv pl\u00e4tering. Och i och med att vi nyligen lanserade v\u00e5r teknik f\u00f6r inkapslad pl\u00e4tering var det naturliga n\u00e4sta steg i utvecklingen av v\u00e5ra system f\u00f6r droppfri pl\u00e4tering att utnyttja dessa tv\u00e5 processer.<\/p>\n<p>Se hela videon p\u00e5 <a href=\"https:\/\/youtu.be\/3kFXACCHMNM\">YouTube<\/a>.<\/p>\n<hr>\n<h2>Verktygen:<\/h2>\n<div id=\"attachment_2734\" style=\"width: 510px\" class=\"wp-caption alignright\"><img loading=\"lazy\" decoding=\"async\" aria-describedby=\"caption-attachment-2734\" class=\"wp-image-2734\" src=\"https:\/\/www.sifcoasc.com\/wp-content\/uploads\/IMG_4101anode-family-500x257.jpeg\" alt=\"Dripless anoder\" width=\"500\" height=\"257\" srcset=\"https:\/\/www.sifcoasc.com\/wp-content\/uploads\/IMG_4101anode-family-500x257.jpeg 500w, https:\/\/www.sifcoasc.com\/wp-content\/uploads\/IMG_4101anode-family-1024x526.jpeg 1024w, https:\/\/www.sifcoasc.com\/wp-content\/uploads\/IMG_4101anode-family-768x394.jpeg 768w, https:\/\/www.sifcoasc.com\/wp-content\/uploads\/IMG_4101anode-family-1536x789.jpeg 1536w, https:\/\/www.sifcoasc.com\/wp-content\/uploads\/IMG_4101anode-family-2048x1052.jpeg 2048w\" sizes=\"auto, (max-width: 709px) 85vw, (max-width: 909px) 67vw, (max-width: 1362px) 62vw, 840px\" \/><p id=\"caption-attachment-2734\" class=\"wp-caption-text\">ASCS SMART Dripless Tooling (patents\u00f6kt)<\/p><\/div>\n<p>Vi utvecklade en samling droppl\u00f6sa anoder f\u00f6r ASCS f\u00f6r att t\u00e4cka en m\u00e4ngd olika geometrier och kontaktytor, fr\u00e5n 0,07dm\u00b2 (1 in2) till otroliga 1dm\u00b2 (15,5 in2).<\/p>\n<p>De patents\u00f6kta droppfria verktygen ger flexibilitet i din applicering och deponering. Teknikerna kan anv\u00e4nda en m\u00e4ngd olika t\u00e4ckmaterial, t.ex. vit TuffWrap, PermaWrap eller bomullsjacka, vilket inte skiljer sig fr\u00e5n vanlig borstpl\u00e4tering. Och oavsett verktygsutformning kan ins\u00e4ttningen pl\u00e4teras i vilken riktning som helst &#8211; horisontellt, vertikalt och upp och ner &#8211; utan n\u00e5gon skillnad i prestanda eller resultat &#8211; bara detta \u00e4r en betydande prestation j\u00e4mf\u00f6rt med den vanliga borstpl\u00e4teringsprocessen.<\/p>\n<p>Dessutom kan verktygen kombineras f\u00f6r att skapa o\u00e4ndligt formskiftande skalbara elektroder f\u00f6r att uppfylla de mest specifika pl\u00e4teringstill\u00e4mpningarna.<\/p>\n<hr>\n<h2>Vagnar<\/h2>\n<p><strong>ASCS finns f\u00f6r n\u00e4rvarande i tv\u00e5 storlekar:<\/strong><\/p>\n","protected":false},"excerpt":{"rendered":"<p>Uppt\u00e4ck SIFCO ASC Advanced Solution Control System, ett b\u00e4rbart allt-i-ett-pl\u00e4teringssystem med droppfri teknik. &nbsp; P\u00e5 SIFCO ASC str\u00e4var vi st\u00e4ndigt efter att f\u00f6rb\u00e4ttra pl\u00e4teringsprocessen. Det \u00e4r fortfarande v\u00e5rt uppdrag att tillhandah\u00e5lla s\u00e4krare och renare arbetsmilj\u00f6er n\u00e4r man anv\u00e4nder SIFCO Process\u00ae f\u00f6r selektiv pl\u00e4tering. Och i och med att vi nyligen lanserade v\u00e5r teknik f\u00f6r inkapslad [&hellip;]<\/p>\n","protected":false},"author":81,"featured_media":0,"parent":9634,"menu_order":3,"comment_status":"closed","ping_status":"closed","template":"","meta":{"_acf_changed":false,"inline_featured_image":false,"footnotes":""},"class_list":["post-9994","page","type-page","status-publish","hentry"],"acf":[],"yoast_head":"<!-- This site is optimized with the Yoast SEO plugin v27.3 - https:\/\/yoast.com\/product\/yoast-seo-wordpress\/ -->\n<title>Avancerad l\u00f6sning Kontrollsystem - SIFCO Applied Surface Concepts<\/title>\n<meta name=\"description\" content=\"Uppt\u00e4ck SIFCO ASC Advanced Solution Control System, ett b\u00e4rbart allt-i-ett-pl\u00e4teringssystem med droppfri teknik.\" \/>\n<meta name=\"robots\" content=\"index, follow, max-snippet:-1, max-image-preview:large, max-video-preview:-1\" \/>\n<link rel=\"canonical\" href=\"https:\/\/www.sifcoasc.com\/sv\/vad-ar-selektiv-platering\/avancerad-losning-kontrollsystem\" \/>\n<meta property=\"og:locale\" content=\"sv_SE\" \/>\n<meta property=\"og:type\" content=\"article\" \/>\n<meta property=\"og:title\" content=\"Avancerad l\u00f6sning Kontrollsystem - SIFCO Applied Surface Concepts\" \/>\n<meta property=\"og:description\" content=\"Uppt\u00e4ck SIFCO ASC Advanced Solution Control System, ett b\u00e4rbart allt-i-ett-pl\u00e4teringssystem med droppfri teknik.\" \/>\n<meta property=\"og:url\" content=\"https:\/\/www.sifcoasc.com\/sv\/vad-ar-selektiv-platering\/avancerad-losning-kontrollsystem\" \/>\n<meta property=\"og:site_name\" content=\"SIFCO Applied Surface Concepts\" \/>\n<meta property=\"article:modified_time\" content=\"2022-08-23T12:14:13+00:00\" \/>\n<meta property=\"og:image\" content=\"https:\/\/www.sifcoasc.com\/wp-content\/uploads\/IMG_4101anode-family-500x257.jpeg\" \/>\n<meta name=\"twitter:label1\" content=\"Est. reading time\" \/>\n\t<meta name=\"twitter:data1\" content=\"1 minut\" \/>\n<script type=\"application\/ld+json\" class=\"yoast-schema-graph\">{\"@context\":\"https:\\\/\\\/schema.org\",\"@graph\":[{\"@type\":\"WebPage\",\"@id\":\"https:\\\/\\\/www.sifcoasc.com\\\/sv\\\/vad-ar-selektiv-platering\\\/avancerad-losning-kontrollsystem\",\"url\":\"https:\\\/\\\/www.sifcoasc.com\\\/sv\\\/vad-ar-selektiv-platering\\\/avancerad-losning-kontrollsystem\",\"name\":\"Avancerad l\u00f6sning Kontrollsystem - SIFCO Applied Surface Concepts\",\"isPartOf\":{\"@id\":\"https:\\\/\\\/www.sifcoasc.com\\\/sv#website\"},\"primaryImageOfPage\":{\"@id\":\"https:\\\/\\\/www.sifcoasc.com\\\/sv\\\/vad-ar-selektiv-platering\\\/avancerad-losning-kontrollsystem#primaryimage\"},\"image\":{\"@id\":\"https:\\\/\\\/www.sifcoasc.com\\\/sv\\\/vad-ar-selektiv-platering\\\/avancerad-losning-kontrollsystem#primaryimage\"},\"thumbnailUrl\":\"https:\\\/\\\/www.sifcoasc.com\\\/wp-content\\\/uploads\\\/IMG_4101anode-family-500x257.jpeg\",\"datePublished\":\"2022-07-14T17:00:44+00:00\",\"dateModified\":\"2022-08-23T12:14:13+00:00\",\"description\":\"Uppt\u00e4ck SIFCO ASC Advanced Solution Control System, ett b\u00e4rbart allt-i-ett-pl\u00e4teringssystem med droppfri teknik.\",\"breadcrumb\":{\"@id\":\"https:\\\/\\\/www.sifcoasc.com\\\/sv\\\/vad-ar-selektiv-platering\\\/avancerad-losning-kontrollsystem#breadcrumb\"},\"inLanguage\":\"sv-SE\",\"potentialAction\":[{\"@type\":\"ReadAction\",\"target\":[\"https:\\\/\\\/www.sifcoasc.com\\\/sv\\\/vad-ar-selektiv-platering\\\/avancerad-losning-kontrollsystem\"]}]},{\"@type\":\"ImageObject\",\"inLanguage\":\"sv-SE\",\"@id\":\"https:\\\/\\\/www.sifcoasc.com\\\/sv\\\/vad-ar-selektiv-platering\\\/avancerad-losning-kontrollsystem#primaryimage\",\"url\":\"https:\\\/\\\/www.sifcoasc.com\\\/wp-content\\\/uploads\\\/IMG_4101anode-family-500x257.jpeg\",\"contentUrl\":\"https:\\\/\\\/www.sifcoasc.com\\\/wp-content\\\/uploads\\\/IMG_4101anode-family-500x257.jpeg\"},{\"@type\":\"BreadcrumbList\",\"@id\":\"https:\\\/\\\/www.sifcoasc.com\\\/sv\\\/vad-ar-selektiv-platering\\\/avancerad-losning-kontrollsystem#breadcrumb\",\"itemListElement\":[{\"@type\":\"ListItem\",\"position\":1,\"name\":\"Home\",\"item\":\"https:\\\/\\\/www.sifcoasc.com\\\/sv\"},{\"@type\":\"ListItem\",\"position\":2,\"name\":\"Vad \u00e4r selektiv pl\u00e4tering?\",\"item\":\"https:\\\/\\\/www.sifcoasc.com\\\/sv\\\/vad-ar-selektiv-platering\"},{\"@type\":\"ListItem\",\"position\":3,\"name\":\"Avancerad l\u00f6sning Kontrollsystem\"}]},{\"@type\":\"WebSite\",\"@id\":\"https:\\\/\\\/www.sifcoasc.com\\\/sv#website\",\"url\":\"https:\\\/\\\/www.sifcoasc.com\\\/sv\",\"name\":\"SIFCO Applied Surface Concepts\",\"description\":\"\",\"potentialAction\":[{\"@type\":\"SearchAction\",\"target\":{\"@type\":\"EntryPoint\",\"urlTemplate\":\"https:\\\/\\\/www.sifcoasc.com\\\/sv?s={search_term_string}\"},\"query-input\":{\"@type\":\"PropertyValueSpecification\",\"valueRequired\":true,\"valueName\":\"search_term_string\"}}],\"inLanguage\":\"sv-SE\"}]}<\/script>\n<!-- \/ Yoast SEO plugin. -->","yoast_head_json":{"title":"Avancerad l\u00f6sning Kontrollsystem - SIFCO Applied Surface Concepts","description":"Uppt\u00e4ck SIFCO ASC Advanced Solution Control System, ett b\u00e4rbart allt-i-ett-pl\u00e4teringssystem med droppfri teknik.","robots":{"index":"index","follow":"follow","max-snippet":"max-snippet:-1","max-image-preview":"max-image-preview:large","max-video-preview":"max-video-preview:-1"},"canonical":"https:\/\/www.sifcoasc.com\/sv\/vad-ar-selektiv-platering\/avancerad-losning-kontrollsystem","og_locale":"sv_SE","og_type":"article","og_title":"Avancerad l\u00f6sning Kontrollsystem - SIFCO Applied Surface Concepts","og_description":"Uppt\u00e4ck SIFCO ASC Advanced Solution Control System, ett b\u00e4rbart allt-i-ett-pl\u00e4teringssystem med droppfri teknik.","og_url":"https:\/\/www.sifcoasc.com\/sv\/vad-ar-selektiv-platering\/avancerad-losning-kontrollsystem","og_site_name":"SIFCO Applied Surface Concepts","article_modified_time":"2022-08-23T12:14:13+00:00","og_image":[{"url":"https:\/\/www.sifcoasc.com\/wp-content\/uploads\/IMG_4101anode-family-500x257.jpeg","type":"","width":"","height":""}],"twitter_misc":{"Est. reading time":"1 minut"},"schema":{"@context":"https:\/\/schema.org","@graph":[{"@type":"WebPage","@id":"https:\/\/www.sifcoasc.com\/sv\/vad-ar-selektiv-platering\/avancerad-losning-kontrollsystem","url":"https:\/\/www.sifcoasc.com\/sv\/vad-ar-selektiv-platering\/avancerad-losning-kontrollsystem","name":"Avancerad l\u00f6sning Kontrollsystem - SIFCO Applied Surface Concepts","isPartOf":{"@id":"https:\/\/www.sifcoasc.com\/sv#website"},"primaryImageOfPage":{"@id":"https:\/\/www.sifcoasc.com\/sv\/vad-ar-selektiv-platering\/avancerad-losning-kontrollsystem#primaryimage"},"image":{"@id":"https:\/\/www.sifcoasc.com\/sv\/vad-ar-selektiv-platering\/avancerad-losning-kontrollsystem#primaryimage"},"thumbnailUrl":"https:\/\/www.sifcoasc.com\/wp-content\/uploads\/IMG_4101anode-family-500x257.jpeg","datePublished":"2022-07-14T17:00:44+00:00","dateModified":"2022-08-23T12:14:13+00:00","description":"Uppt\u00e4ck SIFCO ASC Advanced Solution Control System, ett b\u00e4rbart allt-i-ett-pl\u00e4teringssystem med droppfri teknik.","breadcrumb":{"@id":"https:\/\/www.sifcoasc.com\/sv\/vad-ar-selektiv-platering\/avancerad-losning-kontrollsystem#breadcrumb"},"inLanguage":"sv-SE","potentialAction":[{"@type":"ReadAction","target":["https:\/\/www.sifcoasc.com\/sv\/vad-ar-selektiv-platering\/avancerad-losning-kontrollsystem"]}]},{"@type":"ImageObject","inLanguage":"sv-SE","@id":"https:\/\/www.sifcoasc.com\/sv\/vad-ar-selektiv-platering\/avancerad-losning-kontrollsystem#primaryimage","url":"https:\/\/www.sifcoasc.com\/wp-content\/uploads\/IMG_4101anode-family-500x257.jpeg","contentUrl":"https:\/\/www.sifcoasc.com\/wp-content\/uploads\/IMG_4101anode-family-500x257.jpeg"},{"@type":"BreadcrumbList","@id":"https:\/\/www.sifcoasc.com\/sv\/vad-ar-selektiv-platering\/avancerad-losning-kontrollsystem#breadcrumb","itemListElement":[{"@type":"ListItem","position":1,"name":"Home","item":"https:\/\/www.sifcoasc.com\/sv"},{"@type":"ListItem","position":2,"name":"Vad \u00e4r selektiv pl\u00e4tering?","item":"https:\/\/www.sifcoasc.com\/sv\/vad-ar-selektiv-platering"},{"@type":"ListItem","position":3,"name":"Avancerad l\u00f6sning Kontrollsystem"}]},{"@type":"WebSite","@id":"https:\/\/www.sifcoasc.com\/sv#website","url":"https:\/\/www.sifcoasc.com\/sv","name":"SIFCO Applied Surface Concepts","description":"","potentialAction":[{"@type":"SearchAction","target":{"@type":"EntryPoint","urlTemplate":"https:\/\/www.sifcoasc.com\/sv?s={search_term_string}"},"query-input":{"@type":"PropertyValueSpecification","valueRequired":true,"valueName":"search_term_string"}}],"inLanguage":"sv-SE"}]}},"featured_image_src":null,"featured_image_src_square":null,"_links":{"self":[{"href":"https:\/\/www.sifcoasc.com\/sv\/wp-json\/wp\/v2\/pages\/9994","targetHints":{"allow":["GET"]}}],"collection":[{"href":"https:\/\/www.sifcoasc.com\/sv\/wp-json\/wp\/v2\/pages"}],"about":[{"href":"https:\/\/www.sifcoasc.com\/sv\/wp-json\/wp\/v2\/types\/page"}],"author":[{"embeddable":true,"href":"https:\/\/www.sifcoasc.com\/sv\/wp-json\/wp\/v2\/users\/81"}],"replies":[{"embeddable":true,"href":"https:\/\/www.sifcoasc.com\/sv\/wp-json\/wp\/v2\/comments?post=9994"}],"version-history":[{"count":0,"href":"https:\/\/www.sifcoasc.com\/sv\/wp-json\/wp\/v2\/pages\/9994\/revisions"}],"up":[{"embeddable":true,"href":"https:\/\/www.sifcoasc.com\/sv\/wp-json\/wp\/v2\/pages\/9634"}],"wp:attachment":[{"href":"https:\/\/www.sifcoasc.com\/sv\/wp-json\/wp\/v2\/media?parent=9994"}],"curies":[{"name":"wp","href":"https:\/\/api.w.org\/{rel}","templated":true}]}}